{"id":436,"date":"2024-05-16T13:18:17","date_gmt":"2024-05-16T11:18:17","guid":{"rendered":"https:\/\/vbbv.com\/?page_id=436"},"modified":"2024-05-21T15:48:43","modified_gmt":"2024-05-21T13:48:43","slug":"unsere-geschichte","status":"publish","type":"page","link":"https:\/\/www.vbbv.com\/de\/unsere-geschichte\/","title":{"rendered":"Unsere Geschichte"},"content":{"rendered":"\t\t<div data-elementor-type=\"wp-page\" data-elementor-id=\"436\" class=\"elementor elementor-436 elementor-110\" data-elementor-post-type=\"page\">\n\t\t\t\t<div class=\"elementor-element elementor-element-2252d5af e-flex e-con-boxed e-con e-parent\" data-id=\"2252d5af\" data-element_type=\"container\" data-settings=\"{&quot;background_background&quot;:&quot;classic&quot;}\">\n\t\t\t\t\t<div class=\"e-con-inner\">\n\t\t\t\t<div class=\"elementor-element elementor-element-1622ace5 elementor-widget elementor-widget-heading\" data-id=\"1622ace5\" data-element_type=\"widget\" data-widget_type=\"heading.default\">\n\t\t\t\t<div class=\"elementor-widget-container\">\n\t\t\t<style>\/*! elementor - v3.22.0 - 24-06-2024 *\/\n.elementor-heading-title{padding:0;margin:0;line-height:1}.elementor-widget-heading .elementor-heading-title[class*=elementor-size-]>a{color:inherit;font-size:inherit;line-height:inherit}.elementor-widget-heading .elementor-heading-title.elementor-size-small{font-size:15px}.elementor-widget-heading .elementor-heading-title.elementor-size-medium{font-size:19px}.elementor-widget-heading .elementor-heading-title.elementor-size-large{font-size:29px}.elementor-widget-heading .elementor-heading-title.elementor-size-xl{font-size:39px}.elementor-widget-heading .elementor-heading-title.elementor-size-xxl{font-size:59px}<\/style><h1 class=\"elementor-heading-title elementor-size-default\">Unsere Geschichte<\/h1>\t\t<\/div>\n\t\t\t\t<\/div>\n\t\t\t\t\t<\/div>\n\t\t\t\t<\/div>\n\t\t<div class=\"elementor-element elementor-element-5e58d9a3 e-flex e-con-boxed e-con e-parent\" data-id=\"5e58d9a3\" data-element_type=\"container\">\n\t\t\t\t\t<div class=\"e-con-inner\">\n\t\t<div class=\"elementor-element elementor-element-142c6789 e-con-full e-flex e-con e-child\" data-id=\"142c6789\" data-element_type=\"container\">\n\t\t\t\t<\/div>\n\t\t<div class=\"elementor-element elementor-element-1466511d e-con-full e-flex e-con e-child\" data-id=\"1466511d\" data-element_type=\"container\">\n\t\t\t\t<div class=\"elementor-element elementor-element-778dacef elementor-widget elementor-widget-text-editor\" data-id=\"778dacef\" data-element_type=\"widget\" data-widget_type=\"text-editor.default\">\n\t\t\t\t<div class=\"elementor-widget-container\">\n\t\t\t<style>\/*! elementor - v3.22.0 - 24-06-2024 *\/\n.elementor-widget-text-editor.elementor-drop-cap-view-stacked .elementor-drop-cap{background-color:#69727d;color:#fff}.elementor-widget-text-editor.elementor-drop-cap-view-framed .elementor-drop-cap{color:#69727d;border:3px solid;background-color:transparent}.elementor-widget-text-editor:not(.elementor-drop-cap-view-default) .elementor-drop-cap{margin-top:8px}.elementor-widget-text-editor:not(.elementor-drop-cap-view-default) .elementor-drop-cap-letter{width:1em;height:1em}.elementor-widget-text-editor .elementor-drop-cap{float:left;text-align:center;line-height:1;font-size:50px}.elementor-widget-text-editor .elementor-drop-cap-letter{display:inline-block}<\/style>\t\t\t\t<p>Van Beek EPDM B.V. wurde 1972 als Einmannbetrieb unter dem Namen \u201eHandels- en Adviesbureau Van Beek b.v.\u201c gegr\u00fcndet.<br \/>In den Niederlanden begann das Handels- en Adviesbureau Van Beek b.v. als Pionier mit der Lieferung und Anbringung von EPDM-Folie.<br \/>Unter der Flagge von Pirelli entwickelte sich das Unternehmen zum Spezialisten im Bereich EPDM-Dichtungen.<br \/>Als Pirelli beschloss, nur noch Reifen herzustellen, wurde die Entscheidung getroffen, das eigene VB-EPDM-System auf den Markt zu bringen.<\/p><ul><li>1972: Gr\u00fcndung Handels- en Adviesbureau Van Beek als Einmannbetrieb.<\/li><li>1980: Er\u00f6ffnung des damaligen neuen Betriebsgeb\u00e4udes am Heiweg in Geleen mit einer Produktionslinie f\u00fcr VB-EPDM-Membranen.<\/li><li>1988: Sichere VB-EPDM-Nahtverbindungen und All-in-Garantien.<\/li><li>1991: Zweite Produktionslinie wird in Betrieb genommen.<\/li><li>1994: Das damalige neue Betriebsgeb\u00e4ude am Vouersweg in Geleen wird er\u00f6ffnet.<\/li><li>1996: Das Patent f\u00fcr das mechanische Befestigungssystem VB-Thermofix wird erteilt.<\/li><li>1998: Die erste Website von Van Beek geht online.<\/li><li>1999: Erwerb der Vertretung von Firestone RubberGard in den Niederlanden.<\/li><li>2012: Umzug in das heutige Geb\u00e4ude in Born.<\/li><li>2013: EPDM mit im Werk f\u00f6nbaren N\u00e4hten wird eingef\u00fchrt.<\/li><\/ul>\t\t\t\t\t\t<\/div>\n\t\t\t\t<\/div>\n\t\t\t\t<\/div>\n\t\t\t\t\t<\/div>\n\t\t\t\t<\/div>\n\t\t\t\t<\/div>\n\t\t","protected":false},"excerpt":{"rendered":"<p>Van Beek EPDM B.V. wurde 1972 als Einmannbetrieb unter dem Namen \u201eHandels- en Adviesbureau Van Beek b.v.\u201c gegr\u00fcndet.In den Niederlanden begann das Handels- en Adviesbureau Van Beek b.v. als Pionier mit der Lieferung und Anbringung von EPDM-Folie.Unter der Flagge von Pirelli entwickelte sich das Unternehmen zum Spezialisten im Bereich EPDM-Dichtungen.Als Pirelli beschloss, nur noch Reifen [&hellip;]<\/p>\n","protected":false},"author":1,"featured_media":37,"parent":0,"menu_order":0,"comment_status":"closed","ping_status":"closed","template":"","meta":{"_acf_changed":false,"footnotes":""},"class_list":["post-436","page","type-page","status-publish","has-post-thumbnail","hentry"],"acf":[],"_links":{"self":[{"href":"https:\/\/www.vbbv.com\/de\/wp-json\/wp\/v2\/pages\/436","targetHints":{"allow":["GET"]}}],"collection":[{"href":"https:\/\/www.vbbv.com\/de\/wp-json\/wp\/v2\/pages"}],"about":[{"href":"https:\/\/www.vbbv.com\/de\/wp-json\/wp\/v2\/types\/page"}],"author":[{"embeddable":true,"href":"https:\/\/www.vbbv.com\/de\/wp-json\/wp\/v2\/users\/1"}],"replies":[{"embeddable":true,"href":"https:\/\/www.vbbv.com\/de\/wp-json\/wp\/v2\/comments?post=436"}],"version-history":[{"count":4,"href":"https:\/\/www.vbbv.com\/de\/wp-json\/wp\/v2\/pages\/436\/revisions"}],"predecessor-version":[{"id":440,"href":"https:\/\/www.vbbv.com\/de\/wp-json\/wp\/v2\/pages\/436\/revisions\/440"}],"wp:featuredmedia":[{"embeddable":true,"href":"https:\/\/www.vbbv.com\/de\/wp-json\/wp\/v2\/media\/37"}],"wp:attachment":[{"href":"https:\/\/www.vbbv.com\/de\/wp-json\/wp\/v2\/media?parent=436"}],"curies":[{"name":"wp","href":"https:\/\/api.w.org\/{rel}","templated":true}]}}