{"id":516,"date":"2024-05-16T12:47:48","date_gmt":"2024-05-16T10:47:48","guid":{"rendered":"https:\/\/vbbv.com\/?page_id=516"},"modified":"2024-05-22T13:03:37","modified_gmt":"2024-05-22T11:03:37","slug":"van-beek-epdm-bv","status":"publish","type":"page","link":"https:\/\/www.vbbv.com\/de\/van-beek-epdm-bv\/","title":{"rendered":"Van Beek EPDM BV"},"content":{"rendered":"\t\t<div data-elementor-type=\"wp-page\" data-elementor-id=\"516\" class=\"elementor elementor-516 elementor-72\" data-elementor-post-type=\"page\">\n\t\t\t\t<div class=\"elementor-element elementor-element-a7dbc4e e-flex e-con-boxed e-con e-parent\" data-id=\"a7dbc4e\" data-element_type=\"container\" data-settings=\"{&quot;background_background&quot;:&quot;classic&quot;}\">\n\t\t\t\t\t<div class=\"e-con-inner\">\n\t\t\t\t<div class=\"elementor-element elementor-element-239d42d elementor-widget elementor-widget-heading\" data-id=\"239d42d\" data-element_type=\"widget\" data-widget_type=\"heading.default\">\n\t\t\t\t<div class=\"elementor-widget-container\">\n\t\t\t<style>\/*! elementor - v3.22.0 - 24-06-2024 *\/\n.elementor-heading-title{padding:0;margin:0;line-height:1}.elementor-widget-heading .elementor-heading-title[class*=elementor-size-]>a{color:inherit;font-size:inherit;line-height:inherit}.elementor-widget-heading .elementor-heading-title.elementor-size-small{font-size:15px}.elementor-widget-heading .elementor-heading-title.elementor-size-medium{font-size:19px}.elementor-widget-heading .elementor-heading-title.elementor-size-large{font-size:29px}.elementor-widget-heading .elementor-heading-title.elementor-size-xl{font-size:39px}.elementor-widget-heading .elementor-heading-title.elementor-size-xxl{font-size:59px}<\/style><h1 class=\"elementor-heading-title elementor-size-default\">Van Beek EPDM BV<\/h1>\t\t<\/div>\n\t\t\t\t<\/div>\n\t\t\t\t\t<\/div>\n\t\t\t\t<\/div>\n\t\t<div class=\"elementor-element elementor-element-8ebcb85 e-flex e-con-boxed e-con e-parent\" data-id=\"8ebcb85\" data-element_type=\"container\">\n\t\t\t\t\t<div class=\"e-con-inner\">\n\t\t<div class=\"elementor-element elementor-element-c803576 e-con-full e-flex e-con e-child\" data-id=\"c803576\" data-element_type=\"container\">\n\t\t\t\t<\/div>\n\t\t<div class=\"elementor-element elementor-element-dd61676 e-con-full e-flex e-con e-child\" data-id=\"dd61676\" data-element_type=\"container\">\n\t\t\t\t<div class=\"elementor-element elementor-element-0caa3e1 elementor-widget elementor-widget-heading\" data-id=\"0caa3e1\" data-element_type=\"widget\" data-widget_type=\"heading.default\">\n\t\t\t\t<div class=\"elementor-widget-container\">\n\t\t\t<h1 class=\"elementor-heading-title elementor-size-default\">Van Beek EPDM BV<\/h1>\t\t<\/div>\n\t\t\t\t<\/div>\n\t\t\t\t<div class=\"elementor-element elementor-element-ed63d6f elementor-widget elementor-widget-text-editor\" data-id=\"ed63d6f\" data-element_type=\"widget\" data-widget_type=\"text-editor.default\">\n\t\t\t\t<div class=\"elementor-widget-container\">\n\t\t\t<style>\/*! elementor - v3.22.0 - 24-06-2024 *\/\n.elementor-widget-text-editor.elementor-drop-cap-view-stacked .elementor-drop-cap{background-color:#69727d;color:#fff}.elementor-widget-text-editor.elementor-drop-cap-view-framed .elementor-drop-cap{color:#69727d;border:3px solid;background-color:transparent}.elementor-widget-text-editor:not(.elementor-drop-cap-view-default) .elementor-drop-cap{margin-top:8px}.elementor-widget-text-editor:not(.elementor-drop-cap-view-default) .elementor-drop-cap-letter{width:1em;height:1em}.elementor-widget-text-editor .elementor-drop-cap{float:left;text-align:center;line-height:1;font-size:50px}.elementor-widget-text-editor .elementor-drop-cap-letter{display:inline-block}<\/style>\t\t\t\t<p>Van Beek ist ein Anbieter von Dach- und Wasserabdichtungssystemen. Wir liefern EPDM-Platten und Zubeh\u00f6r f\u00fcr eine Vielzahl von Anwendungen. Van Beek ist in der Lage, die Nachfrage nach ma\u00dfgeschneiderten Membranen mit VB-EPDM-Folien zu decken. Mit Firestone RubberGard k\u00f6nnen wir auch eine L\u00f6sung f\u00fcr gro\u00dfe Fl\u00e4chen anbieten! Neben der Lieferung von Materialien bietet unser Unternehmen auch den notwendigen Service und die technische Unterst\u00fctzung. Dadurch soll sichergestellt werden, dass jede Lieferung ein Endprodukt von h\u00f6chster Qualit\u00e4t wird. Unsere langj\u00e4hrige Erfahrung, die bis ins Jahr 1972 zur\u00fcckreicht, macht all dies m\u00f6glich.<\/p>\t\t\t\t\t\t<\/div>\n\t\t\t\t<\/div>\n\t\t\t\t<\/div>\n\t\t\t\t\t<\/div>\n\t\t\t\t<\/div>\n\t\t\t\t<\/div>\n\t\t","protected":false},"excerpt":{"rendered":"<p>Van Beek ist ein Anbieter von Dach- und Wasserabdichtungssystemen. Wir liefern EPDM-Platten und Zubeh\u00f6r f\u00fcr eine Vielzahl von Anwendungen. Van Beek ist in der Lage, die Nachfrage nach ma\u00dfgeschneiderten Membranen mit VB-EPDM-Folien zu decken. Mit Firestone RubberGard k\u00f6nnen wir auch eine L\u00f6sung f\u00fcr gro\u00dfe Fl\u00e4chen anbieten! Neben der Lieferung von Materialien bietet unser Unternehmen auch [&hellip;]<\/p>\n","protected":false},"author":1,"featured_media":37,"parent":0,"menu_order":0,"comment_status":"closed","ping_status":"closed","template":"","meta":{"_acf_changed":false,"footnotes":""},"class_list":["post-516","page","type-page","status-publish","has-post-thumbnail","hentry"],"acf":[],"_links":{"self":[{"href":"https:\/\/www.vbbv.com\/de\/wp-json\/wp\/v2\/pages\/516","targetHints":{"allow":["GET"]}}],"collection":[{"href":"https:\/\/www.vbbv.com\/de\/wp-json\/wp\/v2\/pages"}],"about":[{"href":"https:\/\/www.vbbv.com\/de\/wp-json\/wp\/v2\/types\/page"}],"author":[{"embeddable":true,"href":"https:\/\/www.vbbv.com\/de\/wp-json\/wp\/v2\/users\/1"}],"replies":[{"embeddable":true,"href":"https:\/\/www.vbbv.com\/de\/wp-json\/wp\/v2\/comments?post=516"}],"version-history":[{"count":4,"href":"https:\/\/www.vbbv.com\/de\/wp-json\/wp\/v2\/pages\/516\/revisions"}],"predecessor-version":[{"id":520,"href":"https:\/\/www.vbbv.com\/de\/wp-json\/wp\/v2\/pages\/516\/revisions\/520"}],"wp:featuredmedia":[{"embeddable":true,"href":"https:\/\/www.vbbv.com\/de\/wp-json\/wp\/v2\/media\/37"}],"wp:attachment":[{"href":"https:\/\/www.vbbv.com\/de\/wp-json\/wp\/v2\/media?parent=516"}],"curies":[{"name":"wp","href":"https:\/\/api.w.org\/{rel}","templated":true}]}}