{"id":904,"date":"2024-05-22T15:49:00","date_gmt":"2024-05-22T13:49:00","guid":{"rendered":"https:\/\/vbbv.com\/?page_id=904"},"modified":"2024-06-14T15:17:46","modified_gmt":"2024-06-14T13:17:46","slug":"broschueren","status":"publish","type":"page","link":"https:\/\/www.vbbv.com\/de\/broschueren\/","title":{"rendered":"Brosch\u00fcren"},"content":{"rendered":"\t\t<div data-elementor-type=\"wp-page\" data-elementor-id=\"904\" class=\"elementor elementor-904 elementor-675\" data-elementor-post-type=\"page\">\n\t\t\t\t<div class=\"elementor-element elementor-element-b056fde e-flex e-con-boxed e-con e-parent\" data-id=\"b056fde\" data-element_type=\"container\" data-settings=\"{&quot;background_background&quot;:&quot;classic&quot;}\">\n\t\t\t\t\t<div class=\"e-con-inner\">\n\t\t\t\t\t<\/div>\n\t\t\t\t<\/div>\n\t\t<div class=\"elementor-element elementor-element-7e25b0f e-flex e-con-boxed e-con e-parent\" data-id=\"7e25b0f\" data-element_type=\"container\">\n\t\t\t\t\t<div class=\"e-con-inner\">\n\t\t<div class=\"elementor-element elementor-element-5cbd80d e-con-full e-flex e-con e-child\" data-id=\"5cbd80d\" data-element_type=\"container\">\n\t\t\t\t<div class=\"elementor-element elementor-element-120cc63 elementor-nav-menu--dropdown-none elementor-widget elementor-widget-nav-menu\" data-id=\"120cc63\" data-element_type=\"widget\" data-settings=\"{&quot;layout&quot;:&quot;vertical&quot;,&quot;submenu_icon&quot;:{&quot;value&quot;:&quot;&lt;i class=\\&quot;\\&quot;&gt;&lt;\\\/i&gt;&quot;,&quot;library&quot;:&quot;&quot;}}\" data-widget_type=\"nav-menu.default\">\n\t\t\t\t<div class=\"elementor-widget-container\">\n\t\t\t<link rel=\"stylesheet\" href=\"https:\/\/www.vbbv.com\/wp-content\/plugins\/elementor-pro\/assets\/css\/widget-nav-menu.min.css\">\t\t\t<nav class=\"elementor-nav-menu--main elementor-nav-menu__container elementor-nav-menu--layout-vertical e--pointer-none\">\n\t\t\t\t<ul id=\"menu-1-120cc63\" class=\"elementor-nav-menu sm-vertical\"><li class=\"menu-item menu-item-type-post_type menu-item-object-page menu-item-852\"><a href=\"https:\/\/www.vbbv.com\/folders\/\" class=\"elementor-item\">Brosch\u00fcren<\/a><\/li>\n<li class=\"menu-item menu-item-type-post_type menu-item-object-page menu-item-851\"><a href=\"https:\/\/www.vbbv.com\/komo-certificaten\/\" class=\"elementor-item\">Zertifikate<\/a><\/li>\n<li class=\"menu-item menu-item-type-post_type menu-item-object-page menu-item-957\"><a href=\"https:\/\/www.vbbv.com\/decleration-of-performance\/\" class=\"elementor-item\">Information zur Leistungserkl\u00e4rung<\/a><\/li>\n<li class=\"menu-item menu-item-type-post_type menu-item-object-page menu-item-1046\"><a href=\"https:\/\/www.vbbv.com\/verwerkingsvoorschriften\/\" class=\"elementor-item\">Verarbeitungsvorschriften<\/a><\/li>\n<li class=\"menu-item menu-item-type-post_type menu-item-object-page menu-item-1112\"><a href=\"https:\/\/www.vbbv.com\/bestekservice\/\" class=\"elementor-item\">Zusammenstellungsservice Leistungsverzeichnis<\/a><\/li>\n<\/ul>\t\t\t<\/nav>\n\t\t\t\t\t\t<nav class=\"elementor-nav-menu--dropdown elementor-nav-menu__container\" aria-hidden=\"true\">\n\t\t\t\t<ul id=\"menu-2-120cc63\" class=\"elementor-nav-menu sm-vertical\"><li class=\"menu-item menu-item-type-post_type menu-item-object-page menu-item-852\"><a href=\"https:\/\/www.vbbv.com\/folders\/\" class=\"elementor-item\" tabindex=\"-1\">Brosch\u00fcren<\/a><\/li>\n<li class=\"menu-item menu-item-type-post_type menu-item-object-page menu-item-851\"><a href=\"https:\/\/www.vbbv.com\/komo-certificaten\/\" class=\"elementor-item\" tabindex=\"-1\">Zertifikate<\/a><\/li>\n<li class=\"menu-item menu-item-type-post_type menu-item-object-page menu-item-957\"><a href=\"https:\/\/www.vbbv.com\/decleration-of-performance\/\" class=\"elementor-item\" tabindex=\"-1\">Information zur Leistungserkl\u00e4rung<\/a><\/li>\n<li class=\"menu-item menu-item-type-post_type menu-item-object-page menu-item-1046\"><a href=\"https:\/\/www.vbbv.com\/verwerkingsvoorschriften\/\" class=\"elementor-item\" tabindex=\"-1\">Verarbeitungsvorschriften<\/a><\/li>\n<li class=\"menu-item menu-item-type-post_type menu-item-object-page menu-item-1112\"><a href=\"https:\/\/www.vbbv.com\/bestekservice\/\" class=\"elementor-item\" tabindex=\"-1\">Zusammenstellungsservice Leistungsverzeichnis<\/a><\/li>\n<\/ul>\t\t\t<\/nav>\n\t\t\t\t<\/div>\n\t\t\t\t<\/div>\n\t\t\t\t<\/div>\n\t\t<div class=\"elementor-element elementor-element-5c3e106 e-con-full e-flex e-con e-child\" data-id=\"5c3e106\" data-element_type=\"container\">\n\t\t\t\t<div class=\"elementor-element elementor-element-2804248 elementor-widget elementor-widget-text-editor\" data-id=\"2804248\" data-element_type=\"widget\" data-widget_type=\"text-editor.default\">\n\t\t\t\t<div class=\"elementor-widget-container\">\n\t\t\t<style>\/*! elementor - v3.22.0 - 24-06-2024 *\/\n.elementor-widget-text-editor.elementor-drop-cap-view-stacked .elementor-drop-cap{background-color:#69727d;color:#fff}.elementor-widget-text-editor.elementor-drop-cap-view-framed .elementor-drop-cap{color:#69727d;border:3px solid;background-color:transparent}.elementor-widget-text-editor:not(.elementor-drop-cap-view-default) .elementor-drop-cap{margin-top:8px}.elementor-widget-text-editor:not(.elementor-drop-cap-view-default) .elementor-drop-cap-letter{width:1em;height:1em}.elementor-widget-text-editor .elementor-drop-cap{float:left;text-align:center;line-height:1;font-size:50px}.elementor-widget-text-editor .elementor-drop-cap-letter{display:inline-block}<\/style>\t\t\t\t<p>Auf die Abbildung klicken, um die Brosch\u00fcre als PDF herunterzuladen.<\/p><p>W\u00fcnschen Sie weitere Informationen oder EPDM-Produktproben?<br \/>Bitte fordern Sie diese \u00fcber unser\u00a0<a href=\"https:\/\/vbbv.com\/nl\/contact\" target=\"_blank\" rel=\"noopener\">Kontaktformular<\/a>\u00a0an.<\/p>\t\t\t\t\t\t<\/div>\n\t\t\t\t<\/div>\n\t\t<div class=\"elementor-element elementor-element-1e626a9 e-flex e-con-boxed e-con e-child\" data-id=\"1e626a9\" data-element_type=\"container\">\n\t\t\t\t\t<div class=\"e-con-inner\">\n\t\t<a class=\"elementor-element elementor-element-0a30220 e-flex e-con-boxed e-con e-child\" data-id=\"0a30220\" data-element_type=\"container\" href=\"\/wp-content\/uploads\/2024\/06\/VB-Firmenbroschure-D.pdf\" target=\"_blank\">\n\t\t\t\t\t<div class=\"e-con-inner\">\n\t\t\t\t<div class=\"elementor-element elementor-element-1fdcd94 elementor-widget elementor-widget-image\" data-id=\"1fdcd94\" data-element_type=\"widget\" data-widget_type=\"image.default\">\n\t\t\t\t<div class=\"elementor-widget-container\">\n\t\t\t<style>\/*! elementor - v3.22.0 - 24-06-2024 *\/\n.elementor-widget-image{text-align:center}.elementor-widget-image a{display:inline-block}.elementor-widget-image a img[src$=\".svg\"]{width:48px}.elementor-widget-image img{vertical-align:middle;display:inline-block}<\/style>\t\t\t\t\t\t\t\t\t\t<img fetchpriority=\"high\" decoding=\"async\" width=\"800\" height=\"1010\" src=\"https:\/\/www.vbbv.com\/wp-content\/uploads\/2024\/06\/VB-Firmenbroschure-D.page1_.jpg\" class=\"attachment-large size-large wp-image-906\" alt=\"\" srcset=\"https:\/\/www.vbbv.com\/wp-content\/uploads\/2024\/06\/VB-Firmenbroschure-D.page1_.jpg 800w, https:\/\/www.vbbv.com\/wp-content\/uploads\/2024\/06\/VB-Firmenbroschure-D.page1_-238x300.jpg 238w, https:\/\/www.vbbv.com\/wp-content\/uploads\/2024\/06\/VB-Firmenbroschure-D.page1_-768x970.jpg 768w\" sizes=\"(max-width: 800px) 100vw, 800px\" \/>\t\t\t\t\t\t\t\t\t\t\t\t\t<\/div>\n\t\t\t\t<\/div>\n\t\t\t\t<div class=\"elementor-element elementor-element-c915131 elementor-widget elementor-widget-heading\" data-id=\"c915131\" data-element_type=\"widget\" data-widget_type=\"heading.default\">\n\t\t\t\t<div class=\"elementor-widget-container\">\n\t\t\t<style>\/*! elementor - v3.22.0 - 24-06-2024 *\/\n.elementor-heading-title{padding:0;margin:0;line-height:1}.elementor-widget-heading .elementor-heading-title[class*=elementor-size-]>a{color:inherit;font-size:inherit;line-height:inherit}.elementor-widget-heading .elementor-heading-title.elementor-size-small{font-size:15px}.elementor-widget-heading .elementor-heading-title.elementor-size-medium{font-size:19px}.elementor-widget-heading .elementor-heading-title.elementor-size-large{font-size:29px}.elementor-widget-heading .elementor-heading-title.elementor-size-xl{font-size:39px}.elementor-widget-heading .elementor-heading-title.elementor-size-xxl{font-size:59px}<\/style><h2 class=\"elementor-heading-title elementor-size-default\">VB-EPDM<\/h2>\t\t<\/div>\n\t\t\t\t<\/div>\n\t\t\t\t\t<\/div>\n\t\t\t\t<\/a>\n\t\t<a class=\"elementor-element elementor-element-c2e87fb e-flex e-con-boxed e-con e-child\" data-id=\"c2e87fb\" data-element_type=\"container\" href=\"\/wp-content\/uploads\/2024\/05\/Chemische_resistentie_VB_EPDM_2016.pdf\" target=\"_blank\">\n\t\t\t\t\t<div class=\"e-con-inner\">\n\t\t\t\t<div class=\"elementor-element elementor-element-6b6403c elementor-widget elementor-widget-image\" data-id=\"6b6403c\" data-element_type=\"widget\" data-widget_type=\"image.default\">\n\t\t\t\t<div class=\"elementor-widget-container\">\n\t\t\t\t\t\t\t\t\t\t\t\t\t<img decoding=\"async\" width=\"725\" height=\"1024\" src=\"https:\/\/www.vbbv.com\/wp-content\/uploads\/2024\/05\/Chemische_resistentie_VB_EPDM_2016-1-725x1024.jpg\" class=\"attachment-large size-large wp-image-703\" alt=\"\" srcset=\"https:\/\/www.vbbv.com\/wp-content\/uploads\/2024\/05\/Chemische_resistentie_VB_EPDM_2016-1-725x1024.jpg 725w, https:\/\/www.vbbv.com\/wp-content\/uploads\/2024\/05\/Chemische_resistentie_VB_EPDM_2016-1-212x300.jpg 212w, https:\/\/www.vbbv.com\/wp-content\/uploads\/2024\/05\/Chemische_resistentie_VB_EPDM_2016-1-768x1085.jpg 768w, https:\/\/www.vbbv.com\/wp-content\/uploads\/2024\/05\/Chemische_resistentie_VB_EPDM_2016-1-1087x1536.jpg 1087w, https:\/\/www.vbbv.com\/wp-content\/uploads\/2024\/05\/Chemische_resistentie_VB_EPDM_2016-1-1449x2048.jpg 1449w, https:\/\/www.vbbv.com\/wp-content\/uploads\/2024\/05\/Chemische_resistentie_VB_EPDM_2016-1.jpg 1655w\" sizes=\"(max-width: 725px) 100vw, 725px\" \/>\t\t\t\t\t\t\t\t\t\t\t\t\t<\/div>\n\t\t\t\t<\/div>\n\t\t\t\t<div class=\"elementor-element elementor-element-03dc0bd elementor-widget elementor-widget-heading\" data-id=\"03dc0bd\" data-element_type=\"widget\" data-widget_type=\"heading.default\">\n\t\t\t\t<div class=\"elementor-widget-container\">\n\t\t\t<h2 class=\"elementor-heading-title elementor-size-default\">Chemische Resistenzliste<\/h2>\t\t<\/div>\n\t\t\t\t<\/div>\n\t\t\t\t\t<\/div>\n\t\t\t\t<\/a>\n\t\t\t\t\t<\/div>\n\t\t\t\t<\/div>\n\t\t\t\t<\/div>\n\t\t\t\t\t<\/div>\n\t\t\t\t<\/div>\n\t\t\t\t<\/div>\n\t\t","protected":false},"excerpt":{"rendered":"<p>Auf die Abbildung klicken, um die Brosch\u00fcre als PDF herunterzuladen. W\u00fcnschen Sie weitere Informationen oder EPDM-Produktproben?Bitte fordern Sie diese \u00fcber unser\u00a0Kontaktformular\u00a0an. VB-EPDM Chemische Resistenzliste<\/p>\n","protected":false},"author":1,"featured_media":37,"parent":0,"menu_order":0,"comment_status":"closed","ping_status":"closed","template":"","meta":{"_acf_changed":false,"footnotes":""},"class_list":["post-904","page","type-page","status-publish","has-post-thumbnail","hentry"],"acf":[],"_links":{"self":[{"href":"https:\/\/www.vbbv.com\/de\/wp-json\/wp\/v2\/pages\/904","targetHints":{"allow":["GET"]}}],"collection":[{"href":"https:\/\/www.vbbv.com\/de\/wp-json\/wp\/v2\/pages"}],"about":[{"href":"https:\/\/www.vbbv.com\/de\/wp-json\/wp\/v2\/types\/page"}],"author":[{"embeddable":true,"href":"https:\/\/www.vbbv.com\/de\/wp-json\/wp\/v2\/users\/1"}],"replies":[{"embeddable":true,"href":"https:\/\/www.vbbv.com\/de\/wp-json\/wp\/v2\/comments?post=904"}],"version-history":[{"count":7,"href":"https:\/\/www.vbbv.com\/de\/wp-json\/wp\/v2\/pages\/904\/revisions"}],"predecessor-version":[{"id":1076,"href":"https:\/\/www.vbbv.com\/de\/wp-json\/wp\/v2\/pages\/904\/revisions\/1076"}],"wp:featuredmedia":[{"embeddable":true,"href":"https:\/\/www.vbbv.com\/de\/wp-json\/wp\/v2\/media\/37"}],"wp:attachment":[{"href":"https:\/\/www.vbbv.com\/de\/wp-json\/wp\/v2\/media?parent=904"}],"curies":[{"name":"wp","href":"https:\/\/api.w.org\/{rel}","templated":true}]}}